{"id":5108,"date":"2025-04-23T12:24:57","date_gmt":"2025-04-23T12:24:57","guid":{"rendered":"https:\/\/vsuj.ch\/telechargements\/"},"modified":"2025-10-28T07:22:03","modified_gmt":"2025-10-28T07:22:03","slug":"telechargements","status":"publish","type":"page","link":"https:\/\/vsuj.ch\/fr\/telechargements\/","title":{"rendered":"T\u00e9l\u00e9chargements"},"content":{"rendered":"\t\t<div data-elementor-type=\"wp-page\" data-elementor-id=\"5108\" class=\"elementor elementor-5108 elementor-934\" data-elementor-post-type=\"page\">\n\t\t\t\t<div class=\"elementor-element elementor-element-561c768 e-flex e-con-boxed e-con e-parent\" data-id=\"561c768\" data-element_type=\"container\" data-e-type=\"container\" data-settings=\"{&quot;background_background&quot;:&quot;classic&quot;,&quot;jet_parallax_layout_list&quot;:[]}\">\n\t\t\t\t\t<div class=\"e-con-inner\">\n\t\t<div class=\"elementor-element elementor-element-a86f946 e-con-full e-flex e-con e-child\" data-id=\"a86f946\" data-element_type=\"container\" data-e-type=\"container\" data-settings=\"{&quot;background_background&quot;:&quot;classic&quot;,&quot;jet_parallax_layout_list&quot;:[]}\">\n\t\t\t\t<div class=\"elementor-element elementor-element-965b40d elementor-widget elementor-widget-heading\" data-id=\"965b40d\" data-element_type=\"widget\" data-e-type=\"widget\" data-widget_type=\"heading.default\">\n\t\t\t\t<div class=\"elementor-widget-container\">\n\t\t\t\t\t<h1 class=\"elementor-heading-title elementor-size-default\">T\u00e9l\u00e9chargements<\/h1>\t\t\t\t<\/div>\n\t\t\t\t<\/div>\n\t\t\t\t<\/div>\n\t\t\t\t\t<\/div>\n\t\t\t\t<\/div>\n\t\t<div class=\"elementor-element elementor-element-50e747f e-flex e-con-boxed e-con e-parent\" data-id=\"50e747f\" data-element_type=\"container\" data-e-type=\"container\" data-settings=\"{&quot;jet_parallax_layout_list&quot;:[]}\">\n\t\t\t\t\t<div class=\"e-con-inner\">\n\t\t<div class=\"elementor-element elementor-element-3602640 e-con-full e-flex e-con e-child\" data-id=\"3602640\" data-element_type=\"container\" data-e-type=\"container\" data-settings=\"{&quot;jet_parallax_layout_list&quot;:[]}\">\n\t\t\t\t<div class=\"elementor-element elementor-element-03c9751 elementor-view-default elementor-widget elementor-widget-icon\" data-id=\"03c9751\" data-element_type=\"widget\" data-e-type=\"widget\" data-widget_type=\"icon.default\">\n\t\t\t\t<div class=\"elementor-widget-container\">\n\t\t\t\t\t\t\t<div class=\"elementor-icon-wrapper\">\n\t\t\t<a class=\"elementor-icon\" href=\"https:\/\/vsuj.ch\/wp-content\/uploads\/2025\/10\/VSUJ-Statuten-2025_de.pdf\" target=\"_blank\">\n\t\t\t<i aria-hidden=\"true\" class=\"fas fa-file-download\"><\/i>\t\t\t<\/a>\n\t\t<\/div>\n\t\t\t\t\t\t<\/div>\n\t\t\t\t<\/div>\n\t\t\t\t<div class=\"elementor-element elementor-element-5adf9b9 elementor-widget elementor-widget-heading\" data-id=\"5adf9b9\" data-element_type=\"widget\" data-e-type=\"widget\" data-widget_type=\"heading.default\">\n\t\t\t\t<div class=\"elementor-widget-container\">\n\t\t\t\t\t<h3 class=\"elementor-heading-title elementor-size-default\"><a href=\"https:\/\/vsuj.ch\/wp-content\/uploads\/2025\/10\/VSUJ-Statuten-2025_de.pdf\" target=\"_blank\">Statuts de la ASJE<br>Allemand<\/a><\/h3>\t\t\t\t<\/div>\n\t\t\t\t<\/div>\n\t\t\t\t<\/div>\n\t\t<div class=\"elementor-element elementor-element-d6511c2 e-con-full e-flex e-con e-child\" data-id=\"d6511c2\" data-element_type=\"container\" data-e-type=\"container\" data-settings=\"{&quot;jet_parallax_layout_list&quot;:[]}\">\n\t\t\t\t<div class=\"elementor-element elementor-element-ee6b0a0 elementor-view-default elementor-widget elementor-widget-icon\" data-id=\"ee6b0a0\" data-element_type=\"widget\" data-e-type=\"widget\" data-widget_type=\"icon.default\">\n\t\t\t\t<div class=\"elementor-widget-container\">\n\t\t\t\t\t\t\t<div class=\"elementor-icon-wrapper\">\n\t\t\t<a class=\"elementor-icon\" href=\"https:\/\/vsuj.ch\/wp-content\/uploads\/2025\/10\/SICA-Articles-of-Association-2025_en.pdf\" target=\"_blank\">\n\t\t\t<i aria-hidden=\"true\" class=\"fas fa-file-download\"><\/i>\t\t\t<\/a>\n\t\t<\/div>\n\t\t\t\t\t\t<\/div>\n\t\t\t\t<\/div>\n\t\t\t\t<div class=\"elementor-element elementor-element-ec58496 elementor-widget elementor-widget-heading\" data-id=\"ec58496\" data-element_type=\"widget\" data-e-type=\"widget\" data-widget_type=\"heading.default\">\n\t\t\t\t<div class=\"elementor-widget-container\">\n\t\t\t\t\t<h3 class=\"elementor-heading-title elementor-size-default\"><a href=\"https:\/\/vsuj.ch\/wp-content\/uploads\/2025\/10\/SICA-Articles-of-Association-2025_en.pdf\" target=\"_blank\">Statuts de la ASJE<br>Anglais<\/a><\/h3>\t\t\t\t<\/div>\n\t\t\t\t<\/div>\n\t\t\t\t<\/div>\n\t\t<div class=\"elementor-element elementor-element-907a000 e-con-full e-flex e-con e-child\" data-id=\"907a000\" data-element_type=\"container\" data-e-type=\"container\" data-settings=\"{&quot;jet_parallax_layout_list&quot;:[]}\">\n\t\t\t\t<div class=\"elementor-element elementor-element-9a3b450 elementor-view-default elementor-widget elementor-widget-icon\" data-id=\"9a3b450\" data-element_type=\"widget\" data-e-type=\"widget\" data-widget_type=\"icon.default\">\n\t\t\t\t<div class=\"elementor-widget-container\">\n\t\t\t\t\t\t\t<div class=\"elementor-icon-wrapper\">\n\t\t\t<a class=\"elementor-icon\" href=\"https:\/\/vsuj.ch\/wp-content\/uploads\/2025\/05\/standesregeln_d_juni_2014.pdf\" target=\"_blank\">\n\t\t\t<i aria-hidden=\"true\" class=\"fas fa-file-download\"><\/i>\t\t\t<\/a>\n\t\t<\/div>\n\t\t\t\t\t\t<\/div>\n\t\t\t\t<\/div>\n\t\t\t\t<div class=\"elementor-element elementor-element-e741e23 elementor-widget elementor-widget-heading\" data-id=\"e741e23\" data-element_type=\"widget\" data-e-type=\"widget\" data-widget_type=\"heading.default\">\n\t\t\t\t<div class=\"elementor-widget-container\">\n\t\t\t\t\t<h3 class=\"elementor-heading-title elementor-size-default\"><a href=\"https:\/\/vsuj.ch\/wp-content\/uploads\/2025\/05\/standesregeln_d_juni_2014.pdf\" target=\"_blank\">Statuts de la ASJE<br>Fran\u00e7ais<\/a><\/h3>\t\t\t\t<\/div>\n\t\t\t\t<\/div>\n\t\t\t\t<\/div>\n\t\t\t\t\t<\/div>\n\t\t\t\t<\/div>\n\t\t\t\t<\/div>\n\t\t","protected":false},"excerpt":{"rendered":"<p>T\u00e9l\u00e9chargements Statuts de la ASJEAllemand Statuts de la ASJEAnglais Statuts de la ASJEFran\u00e7ais<\/p>\n","protected":false},"author":3,"featured_media":0,"parent":0,"menu_order":0,"comment_status":"closed","ping_status":"closed","template":"","meta":{"footnotes":""},"class_list":["post-5108","page","type-page","status-publish","hentry"],"yoast_head":"<!-- This site is optimized with the Yoast SEO plugin v27.3 - https:\/\/yoast.com\/product\/yoast-seo-wordpress\/ -->\n<title>T\u00e9l\u00e9chargements - Vereinigung Schweizerischer Unternehmensjuristinnen und Unternehmensjuristen (VSUJ)<\/title>\n<meta name=\"robots\" content=\"index, follow, max-snippet:-1, max-image-preview:large, max-video-preview:-1\" \/>\n<link rel=\"canonical\" href=\"https:\/\/vsuj.ch\/fr\/telechargements\/\" \/>\n<meta property=\"og:locale\" content=\"fr_FR\" \/>\n<meta property=\"og:type\" content=\"article\" \/>\n<meta property=\"og:title\" content=\"T\u00e9l\u00e9chargements - Vereinigung Schweizerischer Unternehmensjuristinnen und Unternehmensjuristen (VSUJ)\" \/>\n<meta property=\"og:description\" content=\"T\u00e9l\u00e9chargements Statuts de la ASJEAllemand Statuts de la ASJEAnglais Statuts de la ASJEFran\u00e7ais\" \/>\n<meta property=\"og:url\" content=\"https:\/\/vsuj.ch\/fr\/telechargements\/\" \/>\n<meta property=\"og:site_name\" content=\"Vereinigung Schweizerischer Unternehmensjuristinnen und Unternehmensjuristen (VSUJ)\" \/>\n<meta property=\"article:modified_time\" content=\"2025-10-28T07:22:03+00:00\" \/>\n<meta property=\"og:image\" content=\"https:\/\/vsuj.ch\/wp-content\/uploads\/2025\/04\/bg-parallax-image_vsuj-vorstand_x1-5-scaled-e1745583787846.webp\" \/>\n\t<meta property=\"og:image:width\" content=\"2480\" \/>\n\t<meta property=\"og:image:height\" content=\"1706\" \/>\n\t<meta property=\"og:image:type\" content=\"image\/webp\" \/>\n<meta name=\"twitter:card\" content=\"summary_large_image\" \/>\n<script type=\"application\/ld+json\" class=\"yoast-schema-graph\">{\"@context\":\"https:\\\/\\\/schema.org\",\"@graph\":[{\"@type\":\"WebPage\",\"@id\":\"https:\\\/\\\/vsuj.ch\\\/fr\\\/telechargements\\\/\",\"url\":\"https:\\\/\\\/vsuj.ch\\\/fr\\\/telechargements\\\/\",\"name\":\"T\u00e9l\u00e9chargements - Vereinigung Schweizerischer Unternehmensjuristinnen und Unternehmensjuristen (VSUJ)\",\"isPartOf\":{\"@id\":\"https:\\\/\\\/vsuj.ch\\\/fr\\\/#website\"},\"datePublished\":\"2025-04-23T12:24:57+00:00\",\"dateModified\":\"2025-10-28T07:22:03+00:00\",\"breadcrumb\":{\"@id\":\"https:\\\/\\\/vsuj.ch\\\/fr\\\/telechargements\\\/#breadcrumb\"},\"inLanguage\":\"fr-FR\",\"potentialAction\":[{\"@type\":\"ReadAction\",\"target\":[\"https:\\\/\\\/vsuj.ch\\\/fr\\\/telechargements\\\/\"]}]},{\"@type\":\"BreadcrumbList\",\"@id\":\"https:\\\/\\\/vsuj.ch\\\/fr\\\/telechargements\\\/#breadcrumb\",\"itemListElement\":[{\"@type\":\"ListItem\",\"position\":1,\"name\":\"Home\",\"item\":\"https:\\\/\\\/vsuj.ch\\\/fr\\\/\"},{\"@type\":\"ListItem\",\"position\":2,\"name\":\"T\u00e9l\u00e9chargements\"}]},{\"@type\":\"WebSite\",\"@id\":\"https:\\\/\\\/vsuj.ch\\\/fr\\\/#website\",\"url\":\"https:\\\/\\\/vsuj.ch\\\/fr\\\/\",\"name\":\"Vereinigung Schweizerischer Unternehmensjuristinnen und Unternehmensjuristen\",\"description\":\"Erfahrungen austauschen, Verbindungen aufbauen, sich weiterentwickeln.\",\"publisher\":{\"@id\":\"https:\\\/\\\/vsuj.ch\\\/fr\\\/#organization\"},\"alternateName\":\"VSUJ\",\"potentialAction\":[{\"@type\":\"SearchAction\",\"target\":{\"@type\":\"EntryPoint\",\"urlTemplate\":\"https:\\\/\\\/vsuj.ch\\\/fr\\\/?s={search_term_string}\"},\"query-input\":{\"@type\":\"PropertyValueSpecification\",\"valueRequired\":true,\"valueName\":\"search_term_string\"}}],\"inLanguage\":\"fr-FR\"},{\"@type\":\"Organization\",\"@id\":\"https:\\\/\\\/vsuj.ch\\\/fr\\\/#organization\",\"name\":\"Vereinigung Schweizerischer Unternehmensjuristinnen und Unternehmensjuristen\",\"alternateName\":\"VSUJ\",\"url\":\"https:\\\/\\\/vsuj.ch\\\/fr\\\/\",\"logo\":{\"@type\":\"ImageObject\",\"inLanguage\":\"fr-FR\",\"@id\":\"https:\\\/\\\/vsuj.ch\\\/fr\\\/#\\\/schema\\\/logo\\\/image\\\/\",\"url\":\"https:\\\/\\\/vsuj.ch\\\/wp-content\\\/uploads\\\/2020\\\/06\\\/logo_de_x2.webp\",\"contentUrl\":\"https:\\\/\\\/vsuj.ch\\\/wp-content\\\/uploads\\\/2020\\\/06\\\/logo_de_x2.webp\",\"width\":516,\"height\":68,\"caption\":\"Vereinigung Schweizerischer Unternehmensjuristinnen und Unternehmensjuristen\"},\"image\":{\"@id\":\"https:\\\/\\\/vsuj.ch\\\/fr\\\/#\\\/schema\\\/logo\\\/image\\\/\"}}]}<\/script>\n<!-- \/ Yoast SEO plugin. -->","yoast_head_json":{"title":"T\u00e9l\u00e9chargements - Vereinigung Schweizerischer Unternehmensjuristinnen und Unternehmensjuristen (VSUJ)","robots":{"index":"index","follow":"follow","max-snippet":"max-snippet:-1","max-image-preview":"max-image-preview:large","max-video-preview":"max-video-preview:-1"},"canonical":"https:\/\/vsuj.ch\/fr\/telechargements\/","og_locale":"fr_FR","og_type":"article","og_title":"T\u00e9l\u00e9chargements - Vereinigung Schweizerischer Unternehmensjuristinnen und Unternehmensjuristen (VSUJ)","og_description":"T\u00e9l\u00e9chargements Statuts de la ASJEAllemand Statuts de la ASJEAnglais Statuts de la ASJEFran\u00e7ais","og_url":"https:\/\/vsuj.ch\/fr\/telechargements\/","og_site_name":"Vereinigung Schweizerischer Unternehmensjuristinnen und Unternehmensjuristen (VSUJ)","article_modified_time":"2025-10-28T07:22:03+00:00","og_image":[{"width":2480,"height":1706,"url":"https:\/\/vsuj.ch\/wp-content\/uploads\/2025\/04\/bg-parallax-image_vsuj-vorstand_x1-5-scaled-e1745583787846.webp","type":"image\/webp"}],"twitter_card":"summary_large_image","schema":{"@context":"https:\/\/schema.org","@graph":[{"@type":"WebPage","@id":"https:\/\/vsuj.ch\/fr\/telechargements\/","url":"https:\/\/vsuj.ch\/fr\/telechargements\/","name":"T\u00e9l\u00e9chargements - Vereinigung Schweizerischer Unternehmensjuristinnen und Unternehmensjuristen (VSUJ)","isPartOf":{"@id":"https:\/\/vsuj.ch\/fr\/#website"},"datePublished":"2025-04-23T12:24:57+00:00","dateModified":"2025-10-28T07:22:03+00:00","breadcrumb":{"@id":"https:\/\/vsuj.ch\/fr\/telechargements\/#breadcrumb"},"inLanguage":"fr-FR","potentialAction":[{"@type":"ReadAction","target":["https:\/\/vsuj.ch\/fr\/telechargements\/"]}]},{"@type":"BreadcrumbList","@id":"https:\/\/vsuj.ch\/fr\/telechargements\/#breadcrumb","itemListElement":[{"@type":"ListItem","position":1,"name":"Home","item":"https:\/\/vsuj.ch\/fr\/"},{"@type":"ListItem","position":2,"name":"T\u00e9l\u00e9chargements"}]},{"@type":"WebSite","@id":"https:\/\/vsuj.ch\/fr\/#website","url":"https:\/\/vsuj.ch\/fr\/","name":"Vereinigung Schweizerischer Unternehmensjuristinnen und Unternehmensjuristen","description":"Erfahrungen austauschen, Verbindungen aufbauen, sich weiterentwickeln.","publisher":{"@id":"https:\/\/vsuj.ch\/fr\/#organization"},"alternateName":"VSUJ","potentialAction":[{"@type":"SearchAction","target":{"@type":"EntryPoint","urlTemplate":"https:\/\/vsuj.ch\/fr\/?s={search_term_string}"},"query-input":{"@type":"PropertyValueSpecification","valueRequired":true,"valueName":"search_term_string"}}],"inLanguage":"fr-FR"},{"@type":"Organization","@id":"https:\/\/vsuj.ch\/fr\/#organization","name":"Vereinigung Schweizerischer Unternehmensjuristinnen und Unternehmensjuristen","alternateName":"VSUJ","url":"https:\/\/vsuj.ch\/fr\/","logo":{"@type":"ImageObject","inLanguage":"fr-FR","@id":"https:\/\/vsuj.ch\/fr\/#\/schema\/logo\/image\/","url":"https:\/\/vsuj.ch\/wp-content\/uploads\/2020\/06\/logo_de_x2.webp","contentUrl":"https:\/\/vsuj.ch\/wp-content\/uploads\/2020\/06\/logo_de_x2.webp","width":516,"height":68,"caption":"Vereinigung Schweizerischer Unternehmensjuristinnen und Unternehmensjuristen"},"image":{"@id":"https:\/\/vsuj.ch\/fr\/#\/schema\/logo\/image\/"}}]}},"publishpress_future_action":{"enabled":false,"date":"2026-05-05 18:10:26","action":"change-status","newStatus":"draft","terms":[],"taxonomy":"translation_priority","extraData":[]},"publishpress_future_workflow_manual_trigger":{"enabledWorkflows":[]},"_links":{"self":[{"href":"https:\/\/vsuj.ch\/fr\/wp-json\/wp\/v2\/pages\/5108","targetHints":{"allow":["GET"]}}],"collection":[{"href":"https:\/\/vsuj.ch\/fr\/wp-json\/wp\/v2\/pages"}],"about":[{"href":"https:\/\/vsuj.ch\/fr\/wp-json\/wp\/v2\/types\/page"}],"author":[{"embeddable":true,"href":"https:\/\/vsuj.ch\/fr\/wp-json\/wp\/v2\/users\/3"}],"replies":[{"embeddable":true,"href":"https:\/\/vsuj.ch\/fr\/wp-json\/wp\/v2\/comments?post=5108"}],"version-history":[{"count":3,"href":"https:\/\/vsuj.ch\/fr\/wp-json\/wp\/v2\/pages\/5108\/revisions"}],"predecessor-version":[{"id":6095,"href":"https:\/\/vsuj.ch\/fr\/wp-json\/wp\/v2\/pages\/5108\/revisions\/6095"}],"wp:attachment":[{"href":"https:\/\/vsuj.ch\/fr\/wp-json\/wp\/v2\/media?parent=5108"}],"curies":[{"name":"wp","href":"https:\/\/api.w.org\/{rel}","templated":true}]}}