{"id":5082,"date":"2025-04-23T12:24:23","date_gmt":"2025-04-23T12:24:23","guid":{"rendered":"https:\/\/vsuj.ch\/devenir-membre\/"},"modified":"2026-01-26T08:58:37","modified_gmt":"2026-01-26T08:58:37","slug":"devenir-membre","status":"publish","type":"page","link":"https:\/\/vsuj.ch\/fr\/devenir-membre\/","title":{"rendered":"Devenir membre"},"content":{"rendered":"\t\t<div data-elementor-type=\"wp-page\" data-elementor-id=\"5082\" class=\"elementor elementor-5082 elementor-930\" data-elementor-post-type=\"page\">\n\t\t\t\t<div class=\"elementor-element elementor-element-e265b6a e-flex e-con-boxed e-con e-parent\" data-id=\"e265b6a\" data-element_type=\"container\" data-e-type=\"container\" data-settings=\"{&quot;jet_parallax_layout_list&quot;:[],&quot;background_background&quot;:&quot;classic&quot;}\">\n\t\t\t\t\t<div class=\"e-con-inner\">\n\t\t\t\t<div class=\"elementor-element elementor-element-aad9c3c elementor-widget elementor-widget-heading\" data-id=\"aad9c3c\" data-element_type=\"widget\" data-e-type=\"widget\" data-widget_type=\"heading.default\">\n\t\t\t\t<div class=\"elementor-widget-container\">\n\t\t\t\t\t<h1 class=\"elementor-heading-title elementor-size-default\">Mitgliedsanfrage<\/h1>\t\t\t\t<\/div>\n\t\t\t\t<\/div>\n\t\t\t\t<div class=\"elementor-element elementor-element-12212a4 elementor-widget elementor-widget-text-editor\" data-id=\"12212a4\" data-element_type=\"widget\" data-e-type=\"widget\" data-widget_type=\"text-editor.default\">\n\t\t\t\t<div class=\"elementor-widget-container\">\n\t\t\t\t\t\t\t\t\t<p>La cotisation annuelle s&rsquo;\u00e9l\u00e8ve \u00e0 80 CHF pour les personnes individuelles. <br>Elle s&rsquo;\u00e9l\u00e8ve \u00e0 320 CHF pour les entreprises comptant jusqu&rsquo;\u00e0 cinq juristes et \u00e0 640 CHF pour les entreprises de plus de cinq juristes.<\/p>\t\t\t\t\t\t\t\t<\/div>\n\t\t\t\t<\/div>\n\t\t\t\t\t<\/div>\n\t\t\t\t<\/div>\n\t\t<div class=\"elementor-element elementor-element-fc86238 e-flex e-con-boxed e-con e-parent\" data-id=\"fc86238\" data-element_type=\"container\" data-e-type=\"container\" data-settings=\"{&quot;jet_parallax_layout_list&quot;:[]}\">\n\t\t\t\t\t<div class=\"e-con-inner\">\n\t\t\t\t<div class=\"elementor-element elementor-element-bbd03a2 elementor-widget elementor-widget-text-editor\" data-id=\"bbd03a2\" data-element_type=\"widget\" data-e-type=\"widget\" data-widget_type=\"text-editor.default\">\n\t\t\t\t<div class=\"elementor-widget-container\">\n\t\t\t\t\t\t\t\t\t<p class=\"p1\">Les membres de l\u2019Association Suisse des Juristes d\u2019Entreprise (ASJE) sont des juristes qui exercent une activit\u00e9 juridique pour une entreprise ayant son si\u00e8ge en Suisse et\/ou qui travaillent au sein du service juridique de cette entreprise.<\/p><p class=\"p1\">Des entreprises ayant leur si\u00e8ge en Suisse peuvent \u00e9galement devenir membres, \u00e0 condition qu\u2019elles emploient au moins une personne r\u00e9pondant aux crit\u00e8res \u00e9nonc\u00e9s ci-dessus.<\/p><p>Votre entreprise est-elle d\u00e9j\u00e0 membre de la VSUJ et souhaiteriez-vous d\u00e9sormais b\u00e9n\u00e9ficier des avantages d&rsquo;une adh\u00e9sion \u00e0 la VSUJ ? Vous pouvez vous inscrire ici. <\/p>\t\t\t\t\t\t\t\t<\/div>\n\t\t\t\t<\/div>\n\t\t\t\t<div class=\"elementor-element elementor-element-0a40684 elementor-widget__width-auto elementor-widget elementor-widget-button\" data-id=\"0a40684\" data-element_type=\"widget\" data-e-type=\"widget\" data-widget_type=\"button.default\">\n\t\t\t\t<div class=\"elementor-widget-container\">\n\t\t\t\t\t\t\t\t\t<div class=\"elementor-button-wrapper\">\n\t\t\t\t\t<a class=\"elementor-button elementor-button-link elementor-size-sm\" href=\"https:\/\/vsuj.ch\/mitglied-werden\/aufnahmegesuch-einzelperson\/\" aria-label=\"Aufnahmegesuch Einzelperson\">\n\t\t\t\t\t\t<span class=\"elementor-button-content-wrapper\">\n\t\t\t\t\t\t<span class=\"elementor-button-icon\">\n\t\t\t\t<i aria-hidden=\"true\" class=\"fas fa-user\"><\/i>\t\t\t<\/span>\n\t\t\t\t\t\t\t\t\t<span class=\"elementor-button-text\">Demande d\u2019adh\u00e9sion individuelle<\/span>\n\t\t\t\t\t<\/span>\n\t\t\t\t\t<\/a>\n\t\t\t\t<\/div>\n\t\t\t\t\t\t\t\t<\/div>\n\t\t\t\t<\/div>\n\t\t\t\t<div class=\"elementor-element elementor-element-2eb658e elementor-widget__width-auto elementor-widget elementor-widget-button\" data-id=\"2eb658e\" data-element_type=\"widget\" data-e-type=\"widget\" data-widget_type=\"button.default\">\n\t\t\t\t<div class=\"elementor-widget-container\">\n\t\t\t\t\t\t\t\t\t<div class=\"elementor-button-wrapper\">\n\t\t\t\t\t<a class=\"elementor-button elementor-button-link elementor-size-sm\" href=\"https:\/\/vsuj.ch\/fr\/devenir-membre\/demande-dadhesion-pour-une-entreprise\/\" aria-label=\"Aufnahmegesuch Unternehmen\">\n\t\t\t\t\t\t<span class=\"elementor-button-content-wrapper\">\n\t\t\t\t\t\t<span class=\"elementor-button-icon\">\n\t\t\t\t<i aria-hidden=\"true\" class=\"fas fa-building\"><\/i>\t\t\t<\/span>\n\t\t\t\t\t\t\t\t\t<span class=\"elementor-button-text\">Demande d\u2019adh\u00e9sion pour une entreprise<\/span>\n\t\t\t\t\t<\/span>\n\t\t\t\t\t<\/a>\n\t\t\t\t<\/div>\n\t\t\t\t\t\t\t\t<\/div>\n\t\t\t\t<\/div>\n\t\t\t\t\t<\/div>\n\t\t\t\t<\/div>\n\t\t\t\t<\/div>\n\t\t","protected":false},"excerpt":{"rendered":"<p>Mitgliedsanfrage La cotisation annuelle s&rsquo;\u00e9l\u00e8ve \u00e0 80 CHF pour les personnes individuelles. Elle s&rsquo;\u00e9l\u00e8ve \u00e0 320 CHF pour les entreprises comptant jusqu&rsquo;\u00e0 cinq juristes et \u00e0 640 CHF pour les entreprises de plus de cinq juristes. Les membres de l\u2019Association Suisse des Juristes d\u2019Entreprise (ASJE) sont des juristes qui exercent une activit\u00e9 juridique pour une [&hellip;]<\/p>\n","protected":false},"author":3,"featured_media":0,"parent":0,"menu_order":0,"comment_status":"closed","ping_status":"closed","template":"","meta":{"footnotes":""},"class_list":["post-5082","page","type-page","status-publish","hentry"],"yoast_head":"<!-- This site is optimized with the Yoast SEO plugin v27.3 - https:\/\/yoast.com\/product\/yoast-seo-wordpress\/ -->\n<title>Devenir membre - Vereinigung Schweizerischer Unternehmensjuristinnen und Unternehmensjuristen (VSUJ)<\/title>\n<meta name=\"robots\" content=\"index, follow, max-snippet:-1, max-image-preview:large, max-video-preview:-1\" \/>\n<link rel=\"canonical\" href=\"https:\/\/vsuj.ch\/fr\/devenir-membre\/\" \/>\n<meta property=\"og:locale\" content=\"fr_FR\" \/>\n<meta property=\"og:type\" content=\"article\" \/>\n<meta property=\"og:title\" content=\"Devenir membre - Vereinigung Schweizerischer Unternehmensjuristinnen und Unternehmensjuristen (VSUJ)\" \/>\n<meta property=\"og:description\" content=\"Mitgliedsanfrage La cotisation annuelle s&rsquo;\u00e9l\u00e8ve \u00e0 80 CHF pour les personnes individuelles. Elle s&rsquo;\u00e9l\u00e8ve \u00e0 320 CHF pour les entreprises comptant jusqu&rsquo;\u00e0 cinq juristes et \u00e0 640 CHF pour les entreprises de plus de cinq juristes. Les membres de l\u2019Association Suisse des Juristes d\u2019Entreprise (ASJE) sont des juristes qui exercent une activit\u00e9 juridique pour une [&hellip;]\" \/>\n<meta property=\"og:url\" content=\"https:\/\/vsuj.ch\/fr\/devenir-membre\/\" \/>\n<meta property=\"og:site_name\" content=\"Vereinigung Schweizerischer Unternehmensjuristinnen und Unternehmensjuristen (VSUJ)\" \/>\n<meta property=\"article:modified_time\" content=\"2026-01-26T08:58:37+00:00\" \/>\n<meta property=\"og:image\" content=\"https:\/\/vsuj.ch\/wp-content\/uploads\/2025\/04\/bg-parallax-image_vsuj-vorstand_x1-5-scaled-e1745583787846.webp\" \/>\n\t<meta property=\"og:image:width\" content=\"2480\" \/>\n\t<meta property=\"og:image:height\" content=\"1706\" \/>\n\t<meta property=\"og:image:type\" content=\"image\/webp\" \/>\n<meta name=\"twitter:card\" content=\"summary_large_image\" \/>\n<meta name=\"twitter:label1\" content=\"Dur\u00e9e de lecture estim\u00e9e\" \/>\n\t<meta name=\"twitter:data1\" content=\"1 minute\" \/>\n<script type=\"application\/ld+json\" class=\"yoast-schema-graph\">{\"@context\":\"https:\\\/\\\/schema.org\",\"@graph\":[{\"@type\":\"WebPage\",\"@id\":\"https:\\\/\\\/vsuj.ch\\\/fr\\\/devenir-membre\\\/\",\"url\":\"https:\\\/\\\/vsuj.ch\\\/fr\\\/devenir-membre\\\/\",\"name\":\"Devenir membre - Vereinigung Schweizerischer Unternehmensjuristinnen und Unternehmensjuristen (VSUJ)\",\"isPartOf\":{\"@id\":\"https:\\\/\\\/vsuj.ch\\\/fr\\\/#website\"},\"datePublished\":\"2025-04-23T12:24:23+00:00\",\"dateModified\":\"2026-01-26T08:58:37+00:00\",\"breadcrumb\":{\"@id\":\"https:\\\/\\\/vsuj.ch\\\/fr\\\/devenir-membre\\\/#breadcrumb\"},\"inLanguage\":\"fr-FR\",\"potentialAction\":[{\"@type\":\"ReadAction\",\"target\":[\"https:\\\/\\\/vsuj.ch\\\/fr\\\/devenir-membre\\\/\"]}]},{\"@type\":\"BreadcrumbList\",\"@id\":\"https:\\\/\\\/vsuj.ch\\\/fr\\\/devenir-membre\\\/#breadcrumb\",\"itemListElement\":[{\"@type\":\"ListItem\",\"position\":1,\"name\":\"Home\",\"item\":\"https:\\\/\\\/vsuj.ch\\\/fr\\\/\"},{\"@type\":\"ListItem\",\"position\":2,\"name\":\"Devenir membre\"}]},{\"@type\":\"WebSite\",\"@id\":\"https:\\\/\\\/vsuj.ch\\\/fr\\\/#website\",\"url\":\"https:\\\/\\\/vsuj.ch\\\/fr\\\/\",\"name\":\"Vereinigung Schweizerischer Unternehmensjuristinnen und Unternehmensjuristen\",\"description\":\"Erfahrungen austauschen, Verbindungen aufbauen, sich weiterentwickeln.\",\"publisher\":{\"@id\":\"https:\\\/\\\/vsuj.ch\\\/fr\\\/#organization\"},\"alternateName\":\"VSUJ\",\"potentialAction\":[{\"@type\":\"SearchAction\",\"target\":{\"@type\":\"EntryPoint\",\"urlTemplate\":\"https:\\\/\\\/vsuj.ch\\\/fr\\\/?s={search_term_string}\"},\"query-input\":{\"@type\":\"PropertyValueSpecification\",\"valueRequired\":true,\"valueName\":\"search_term_string\"}}],\"inLanguage\":\"fr-FR\"},{\"@type\":\"Organization\",\"@id\":\"https:\\\/\\\/vsuj.ch\\\/fr\\\/#organization\",\"name\":\"Vereinigung Schweizerischer Unternehmensjuristinnen und Unternehmensjuristen\",\"alternateName\":\"VSUJ\",\"url\":\"https:\\\/\\\/vsuj.ch\\\/fr\\\/\",\"logo\":{\"@type\":\"ImageObject\",\"inLanguage\":\"fr-FR\",\"@id\":\"https:\\\/\\\/vsuj.ch\\\/fr\\\/#\\\/schema\\\/logo\\\/image\\\/\",\"url\":\"https:\\\/\\\/vsuj.ch\\\/wp-content\\\/uploads\\\/2020\\\/06\\\/logo_de_x2.webp\",\"contentUrl\":\"https:\\\/\\\/vsuj.ch\\\/wp-content\\\/uploads\\\/2020\\\/06\\\/logo_de_x2.webp\",\"width\":516,\"height\":68,\"caption\":\"Vereinigung Schweizerischer Unternehmensjuristinnen und Unternehmensjuristen\"},\"image\":{\"@id\":\"https:\\\/\\\/vsuj.ch\\\/fr\\\/#\\\/schema\\\/logo\\\/image\\\/\"}}]}<\/script>\n<!-- \/ Yoast SEO plugin. -->","yoast_head_json":{"title":"Devenir membre - Vereinigung Schweizerischer Unternehmensjuristinnen und Unternehmensjuristen (VSUJ)","robots":{"index":"index","follow":"follow","max-snippet":"max-snippet:-1","max-image-preview":"max-image-preview:large","max-video-preview":"max-video-preview:-1"},"canonical":"https:\/\/vsuj.ch\/fr\/devenir-membre\/","og_locale":"fr_FR","og_type":"article","og_title":"Devenir membre - Vereinigung Schweizerischer Unternehmensjuristinnen und Unternehmensjuristen (VSUJ)","og_description":"Mitgliedsanfrage La cotisation annuelle s&rsquo;\u00e9l\u00e8ve \u00e0 80 CHF pour les personnes individuelles. Elle s&rsquo;\u00e9l\u00e8ve \u00e0 320 CHF pour les entreprises comptant jusqu&rsquo;\u00e0 cinq juristes et \u00e0 640 CHF pour les entreprises de plus de cinq juristes. Les membres de l\u2019Association Suisse des Juristes d\u2019Entreprise (ASJE) sont des juristes qui exercent une activit\u00e9 juridique pour une [&hellip;]","og_url":"https:\/\/vsuj.ch\/fr\/devenir-membre\/","og_site_name":"Vereinigung Schweizerischer Unternehmensjuristinnen und Unternehmensjuristen (VSUJ)","article_modified_time":"2026-01-26T08:58:37+00:00","og_image":[{"width":2480,"height":1706,"url":"https:\/\/vsuj.ch\/wp-content\/uploads\/2025\/04\/bg-parallax-image_vsuj-vorstand_x1-5-scaled-e1745583787846.webp","type":"image\/webp"}],"twitter_card":"summary_large_image","twitter_misc":{"Dur\u00e9e de lecture estim\u00e9e":"1 minute"},"schema":{"@context":"https:\/\/schema.org","@graph":[{"@type":"WebPage","@id":"https:\/\/vsuj.ch\/fr\/devenir-membre\/","url":"https:\/\/vsuj.ch\/fr\/devenir-membre\/","name":"Devenir membre - Vereinigung Schweizerischer Unternehmensjuristinnen und Unternehmensjuristen (VSUJ)","isPartOf":{"@id":"https:\/\/vsuj.ch\/fr\/#website"},"datePublished":"2025-04-23T12:24:23+00:00","dateModified":"2026-01-26T08:58:37+00:00","breadcrumb":{"@id":"https:\/\/vsuj.ch\/fr\/devenir-membre\/#breadcrumb"},"inLanguage":"fr-FR","potentialAction":[{"@type":"ReadAction","target":["https:\/\/vsuj.ch\/fr\/devenir-membre\/"]}]},{"@type":"BreadcrumbList","@id":"https:\/\/vsuj.ch\/fr\/devenir-membre\/#breadcrumb","itemListElement":[{"@type":"ListItem","position":1,"name":"Home","item":"https:\/\/vsuj.ch\/fr\/"},{"@type":"ListItem","position":2,"name":"Devenir membre"}]},{"@type":"WebSite","@id":"https:\/\/vsuj.ch\/fr\/#website","url":"https:\/\/vsuj.ch\/fr\/","name":"Vereinigung Schweizerischer Unternehmensjuristinnen und Unternehmensjuristen","description":"Erfahrungen austauschen, Verbindungen aufbauen, sich weiterentwickeln.","publisher":{"@id":"https:\/\/vsuj.ch\/fr\/#organization"},"alternateName":"VSUJ","potentialAction":[{"@type":"SearchAction","target":{"@type":"EntryPoint","urlTemplate":"https:\/\/vsuj.ch\/fr\/?s={search_term_string}"},"query-input":{"@type":"PropertyValueSpecification","valueRequired":true,"valueName":"search_term_string"}}],"inLanguage":"fr-FR"},{"@type":"Organization","@id":"https:\/\/vsuj.ch\/fr\/#organization","name":"Vereinigung Schweizerischer Unternehmensjuristinnen und Unternehmensjuristen","alternateName":"VSUJ","url":"https:\/\/vsuj.ch\/fr\/","logo":{"@type":"ImageObject","inLanguage":"fr-FR","@id":"https:\/\/vsuj.ch\/fr\/#\/schema\/logo\/image\/","url":"https:\/\/vsuj.ch\/wp-content\/uploads\/2020\/06\/logo_de_x2.webp","contentUrl":"https:\/\/vsuj.ch\/wp-content\/uploads\/2020\/06\/logo_de_x2.webp","width":516,"height":68,"caption":"Vereinigung Schweizerischer Unternehmensjuristinnen und Unternehmensjuristen"},"image":{"@id":"https:\/\/vsuj.ch\/fr\/#\/schema\/logo\/image\/"}}]}},"publishpress_future_action":{"enabled":false,"date":"2026-05-05 18:11:08","action":"change-status","newStatus":"draft","terms":[],"taxonomy":"translation_priority","extraData":[]},"publishpress_future_workflow_manual_trigger":{"enabledWorkflows":[]},"_links":{"self":[{"href":"https:\/\/vsuj.ch\/fr\/wp-json\/wp\/v2\/pages\/5082","targetHints":{"allow":["GET"]}}],"collection":[{"href":"https:\/\/vsuj.ch\/fr\/wp-json\/wp\/v2\/pages"}],"about":[{"href":"https:\/\/vsuj.ch\/fr\/wp-json\/wp\/v2\/types\/page"}],"author":[{"embeddable":true,"href":"https:\/\/vsuj.ch\/fr\/wp-json\/wp\/v2\/users\/3"}],"replies":[{"embeddable":true,"href":"https:\/\/vsuj.ch\/fr\/wp-json\/wp\/v2\/comments?post=5082"}],"version-history":[{"count":14,"href":"https:\/\/vsuj.ch\/fr\/wp-json\/wp\/v2\/pages\/5082\/revisions"}],"predecessor-version":[{"id":6599,"href":"https:\/\/vsuj.ch\/fr\/wp-json\/wp\/v2\/pages\/5082\/revisions\/6599"}],"wp:attachment":[{"href":"https:\/\/vsuj.ch\/fr\/wp-json\/wp\/v2\/media?parent=5082"}],"curies":[{"name":"wp","href":"https:\/\/api.w.org\/{rel}","templated":true}]}}